{"id":3,"date":"2021-02-27T14:46:26","date_gmt":"2021-02-27T17:46:26","guid":{"rendered":"https:\/\/pluscargo.teste123.com.br\/?page_id=3"},"modified":"2022-11-03T11:10:21","modified_gmt":"2022-11-03T14:10:21","slug":"politica-de-privacidade","status":"publish","type":"page","link":"https:\/\/pluscargo.com.br\/en\/politica-de-privacidade\/","title":{"rendered":"Privacy Term"},"content":{"rendered":"<p>1. OBJECTIVE<\/p>\n<p>Demonstrate Pluscargo Brasil\u2019s commitment to the security and privacy of data\/information collected from users of the site.<\/p>\n<p>2. EFFECTIVE DATE<\/p>\n<p>The Policy becomes effective as of 03\/15\/2021 for an indefinite period, and may be revised and updated whenever necessary.<\/p>\n<p>3. TO WHOM IT APPLIES<\/p>\n<p>The Policy applies to visitors and registered on our Site, registered in Pluscargo Brasil events, and to Third Parties who visit our Offices.<\/p>\n<p>4. GENERAL GUIDELINE<\/p>\n<p>4.1 The Policy will be published and disclosed internally on our intranet and externally on the Website www.pluscargo.com.br and will be available for reading, according to the wording below, aimed at the specific audience \u2013 \u201cSITE USERS AND THIRD PARTIES\u201d.<\/p>\n<p>4.2 We explain in the Policy, in a clear and transparent manner, to people who access and register on our Site, who register for events and who visit Pluscargo Brasil offices, what is done with the Personal Data that we process.<br \/>\n4.3 The following topics clarify for what purposes Personal Data is used, for how long, how it is possible to access, update and obtain additional information.<\/p>\n<p>5. SPECIFIC GUIDELINES<\/p>\n<p>5.1 We process data from people who access the Website www.pluscargo.com.br who register to request information and\/or to receive communications that may be of interest to them; who register for events through our platform and who visit our offices, in the following categories:<\/p>\n<p>\u2022 Registration data (name, ID, CPF, nationality, position, email, telephone, cell phone, company, area of \u200b\u200binterest, date of birth, gender, contact person, CCTV image);<\/p>\n<p>\u2022 Behavioral data (pages on the Site accessed, origin of access \u2013 eg google search).<\/p>\n<p>5.2 Pluscargo Brasil, as the controlling agent, will take decisions regarding the personal data processed within the scope of the relationship established with you.<\/p>\n<p>5.3 We process Personal Data for the following purposes:<\/p>\n<p>\u2022 Prospect customers through contact search via internet and social networks;<\/p>\n<p>\u2022 Maintain Security and control of physical access to office facilities;<\/p>\n<p>\u2022 Promote brand value and connect with new contacts and potential customers through sponsored events;<\/p>\n<p>\u2022 Establish a customer contact channel through the Institutional Website;<\/p>\n<p>\u2022 Enable online registration to events promoted by Pluscargo Brasil;<\/p>\n<p>\u2022 Offer the legal services of interest to the User;<\/p>\n<p>\u2022 Conduct relationship campaigns with potential customers.<\/p>\n<p>5.4 We may share the Personal Data referred to in the Policy for the operation of our services, in the following cases:<\/p>\n<p>\u2022 Operator Agents that handle your Personal Data in accordance with Pluscargo Brasil\u2019s instructions;<\/p>\n<p>\u2022 Technology service providers;<\/p>\n<p>\u2022 Event organizing agencies to offer the services requested by you or that may be of interest to you; and<\/p>\n<p>\u2022 Providers related to physical security whenever you access our office facilities.<\/p>\n<p>5.5 Pluscargo Brasil uses cloud systems, for this reason it is possible that Personal Data is transferred outside Brazil (currently, to the USA), as they are the backup countries for data storage of our service provider. To ensure that your Personal Data is processed exclusively for the aforementioned purposes, we have adopted guarantees and safeguards such as specific clauses, standard clauses and global corporate norms.<\/p>\n<p>5.6 When you do not authorize the registration in the mailing, Pluscargo Brasil will not be able to send you additional information beyond that requested.<\/p>\n<p>5.7 Personal Data collected and processed will be stored until the purpose of the Treatment is exhausted or when there is no longer a legitimate purpose or legal and regulatory reason that allows Pluscargo Brasil.<\/p>\n<p>5.8 We adopt safety standards established in applicable laws and regulations, such as:<\/p>\n<p>\u2022 Training, governance, internal security policies;<\/p>\n<p>\u2022 Control of storage on own or contracted servers<\/p>\n<p>\u2022 Software to encrypt collected data;<\/p>\n<p>\u2022 Protection against unauthorized access;<\/p>\n<p>\u2022 Access authorized only to specific people to the place where your personal information is stored, as long as this access is essential for the development of the intended activity;<\/p>\n<p>\u2022 Secrecy of professionals who access information\/data;<\/p>\n<p>\u2022 Application of administrative, disciplinary and legal sanctions applicable to employees and people who misuse their information, in violation of this Privacy and Information Security Policy;<\/p>\n<p>\u2022 Absolute commitment to the principles established by applicable legislation, as well as to the storage and deletion of data, the latter when requested;<\/p>\n<p>\u2022 Access to the Data Subject of all their information that is stored.<\/p>\n<p>5.9 In the event of breach of Personal Data that are in our custody, we guarantee the full effort to remedy the consequences of the event.<\/p>\n<p>5.10 In order to ensure your privacy and the protection of your data, Pluscargo Brasil will facilitate the exercise of the rights described in article 18 of Law 13.709\/2018, General Personal Data Protection Law, as applicable, namely:<\/p>\n<p>I \u2013 confirmation of the existence of Treatment;<br \/>\nII \u2013 access to data;<br \/>\nIII \u2013 correction of incomplete, inaccurate or outdated data;<br \/>\nIV \u2013 anonymization, blocking or deletion of unnecessary, excessive or processed data in breach of the provisions of the General Law for the Protection of Personal Data;<br \/>\nV \u2013 portability of data to another service or product provider, upon express request, in accordance with the regulations of the national authority, observing commercial and industrial secrets;<br \/>\nVI \u2013 deletion of Personal Data processed with the consent of the Holder, except in the cases provided for in art. 16 of the General Law on Personal Data Protection;<br \/>\nVII \u2013 information on public and private entities with which the controller shared the data;<br \/>\nVIII \u2013 information on the possibility of not providing consent and on the consequences of denial; and<br \/>\nIX \u2013 revocation of consent, pursuant to \u00a7 5 of art. 8 of the General Law on Personal Data Protection.<\/p>\n<p>5.11 In order to meet the above requests, we will make all reasonable efforts in the shortest possible time, but you should be aware that:<\/p>\n<p>\u2022 Any delay in service due to justifiable factors, such as the complexity of the request;<\/p>\n<p>\u2022 Rejection of your request for formal reasons (for example, if you are unable to prove your identity) or legal reasons (for example, the request to delete Data that may be kept by force of law or regulation; request for a copy of a document that only will be provided if there is explicit consent; portability request due to the absence of specific regulations for the activity performed by Pluscargo Brasil).<\/p>\n<p>5.12 For any hypothesis of impossibility to fulfill your request, Pluscargo Brasil will present the due reasons.<\/p>\n<p>5.13 You can contact the multidisciplinary team in charge (DPO) of Pluscargo Brasil through the e-mail <a href=\"mailto:dpo@pluscargo.com.br\">dpo@pluscargo.com.br<\/a> to request the requests mentioned in the previous topic.<\/p>\n<p>5.14 The Policy contains all the relevant and necessary information about the Processing of your Personal Data and, therefore, the complete reading of this document is strongly recommended.<\/p>\n<p>5.15 If you still have any doubts, after reading this Policy in full, you can contact the multidisciplinary team in charge (DPO) by e-mail <a href=\"mailto:dpo@pluscargo.com.br\">dpo@pluscargo.com.br<\/a>.<\/p>\n<p>5.16 When you visit our Site, cookies are exchanged with your browser, when strictly necessary, for the functioning of the website and for performance and targeting purposes.<\/p>\n<p>\u2022 By leaving a comment on the website, you can choose to save your name, email and website in cookies. This is for your comfort, so you won\u2019t have to fill in your details again when you make another comment. These cookies last for a year.<\/p>\n<p>\u2022 If you have an account and access this website, a temporary cookie will be created to determine if your browser accepts cookies. It does not contain any personal data and will be discarded when you close your browser.<\/p>\n<p>\u2022 When you login to your account on the website, we also create various cookies to save your account data and your screen display choices. Login cookies are kept for two days and screen options cookies for one year. If you select \u201cRemind me\u201d, your access will be kept for two weeks. If you log out of your account, login cookies will be removed.<\/p>\n<p>\u2022 If you edit or post an article, an additional cookie will be saved on your browser. This cookie does not include any personal data and simply indicates the post ID for the article you just edited. It expires after 1 day.<\/p>","protected":false},"excerpt":{"rendered":"<p>1. OBJECTIVE Demonstrate Pluscargo Brasil\u2019s commitment to the security and privacy of data\/information collected from users of the site. 2. EFFECTIVE DATE The Policy becomes effective as of 03\/15\/2021 for an indefinite period, and may be revised and updated whenever necessary. 3. TO WHOM IT APPLIES The Policy applies to visitors and registered on our [&hellip;]<\/p>\n","protected":false},"author":1,"featured_media":0,"parent":0,"menu_order":0,"comment_status":"closed","ping_status":"closed","template":"","meta":{"_acf_changed":false,"footnotes":""},"class_list":["post-3","page","type-page","status-publish","hentry"],"acf":[],"yoast_head":"<!-- This site is optimized with the Yoast SEO plugin v27.4 - https:\/\/yoast.com\/product\/yoast-seo-wordpress\/ -->\n<title>Privacy Term - Pluscargo<\/title>\n<meta name=\"robots\" content=\"index, follow, max-snippet:-1, max-image-preview:large, max-video-preview:-1\" \/>\n<link rel=\"canonical\" href=\"https:\/\/pluscargo.com.br\/en\/politica-de-privacidade\/\" \/>\n<meta property=\"og:locale\" content=\"en_US\" \/>\n<meta property=\"og:type\" content=\"article\" \/>\n<meta property=\"og:title\" content=\"Privacy Term - Pluscargo\" \/>\n<meta property=\"og:description\" content=\"1. OBJECTIVE Demonstrate Pluscargo Brasil\u2019s commitment to the security and privacy of data\/information collected from users of the site. 2. EFFECTIVE DATE The Policy becomes effective as of 03\/15\/2021 for an indefinite period, and may be revised and updated whenever necessary. 3. TO WHOM IT APPLIES The Policy applies to visitors and registered on our [&hellip;]\" \/>\n<meta property=\"og:url\" content=\"https:\/\/pluscargo.com.br\/en\/politica-de-privacidade\/\" \/>\n<meta property=\"og:site_name\" content=\"Pluscargo\" \/>\n<meta property=\"article:publisher\" content=\"https:\/\/www.facebook.com\/pluscargobrasil\/\" \/>\n<meta property=\"article:modified_time\" content=\"2022-11-03T14:10:21+00:00\" \/>\n<meta name=\"twitter:card\" content=\"summary_large_image\" \/>\n<meta name=\"twitter:label1\" content=\"Est. reading time\" \/>\n\t<meta name=\"twitter:data1\" content=\"8 minutes\" \/>\n<script type=\"application\/ld+json\" class=\"yoast-schema-graph\">{\"@context\":\"https:\\\/\\\/schema.org\",\"@graph\":[{\"@type\":\"WebPage\",\"@id\":\"https:\\\/\\\/pluscargo.com.br\\\/en\\\/politica-de-privacidade\\\/\",\"url\":\"https:\\\/\\\/pluscargo.com.br\\\/en\\\/politica-de-privacidade\\\/\",\"name\":\"Privacy Term - Pluscargo\",\"isPartOf\":{\"@id\":\"https:\\\/\\\/pluscargo.com.br\\\/en\\\/#website\"},\"datePublished\":\"2021-02-27T17:46:26+00:00\",\"dateModified\":\"2022-11-03T14:10:21+00:00\",\"inLanguage\":\"en-US\",\"potentialAction\":[{\"@type\":\"ReadAction\",\"target\":[[\"https:\\\/\\\/pluscargo.com.br\\\/en\\\/politica-de-privacidade\\\/\"]]}]},{\"@type\":\"WebSite\",\"@id\":\"https:\\\/\\\/pluscargo.com.br\\\/en\\\/#website\",\"url\":\"https:\\\/\\\/pluscargo.com.br\\\/en\\\/\",\"name\":\"Pluscargo\",\"description\":\"A Pluscargo \u00e9 uma empresa do Grupo RAS, o maior ecossistema log\u00edstico da Am\u00e9rica Latina\",\"publisher\":{\"@id\":\"https:\\\/\\\/pluscargo.com.br\\\/en\\\/#organization\"},\"potentialAction\":[{\"@type\":\"SearchAction\",\"target\":{\"@type\":\"EntryPoint\",\"urlTemplate\":\"https:\\\/\\\/pluscargo.com.br\\\/en\\\/?s={search_term_string}\"},\"query-input\":{\"@type\":\"PropertyValueSpecification\",\"valueRequired\":true,\"valueName\":\"search_term_string\"}}],\"inLanguage\":\"en-US\"},{\"@type\":\"Organization\",\"@id\":\"https:\\\/\\\/pluscargo.com.br\\\/en\\\/#organization\",\"name\":\"Pluscargo Brasil\",\"url\":\"https:\\\/\\\/pluscargo.com.br\\\/en\\\/\",\"logo\":{\"@type\":\"ImageObject\",\"inLanguage\":\"en-US\",\"@id\":\"https:\\\/\\\/pluscargo.com.br\\\/en\\\/#\\\/schema\\\/logo\\\/image\\\/\",\"url\":\"https:\\\/\\\/pluscargo.com.br\\\/wp-content\\\/uploads\\\/2019\\\/02\\\/Pluscargo_Logo.png\",\"contentUrl\":\"https:\\\/\\\/pluscargo.com.br\\\/wp-content\\\/uploads\\\/2019\\\/02\\\/Pluscargo_Logo.png\",\"width\":3063,\"height\":518,\"caption\":\"Pluscargo Brasil\"},\"image\":{\"@id\":\"https:\\\/\\\/pluscargo.com.br\\\/en\\\/#\\\/schema\\\/logo\\\/image\\\/\"},\"sameAs\":[\"https:\\\/\\\/www.facebook.com\\\/pluscargobrasil\\\/\",\"https:\\\/\\\/www.instagram.com\\\/pluscargo\\\/\",\"https:\\\/\\\/www.linkedin.com\\\/company\\\/pluscargo-do-brasil-ltda\"]}]}<\/script>\n<!-- \/ Yoast SEO plugin. -->","yoast_head_json":{"title":"Privacy Term - Pluscargo","robots":{"index":"index","follow":"follow","max-snippet":"max-snippet:-1","max-image-preview":"max-image-preview:large","max-video-preview":"max-video-preview:-1"},"canonical":"https:\/\/pluscargo.com.br\/en\/politica-de-privacidade\/","og_locale":"en_US","og_type":"article","og_title":"Privacy Term - Pluscargo","og_description":"1. OBJECTIVE Demonstrate Pluscargo Brasil\u2019s commitment to the security and privacy of data\/information collected from users of the site. 2. EFFECTIVE DATE The Policy becomes effective as of 03\/15\/2021 for an indefinite period, and may be revised and updated whenever necessary. 3. TO WHOM IT APPLIES The Policy applies to visitors and registered on our [&hellip;]","og_url":"https:\/\/pluscargo.com.br\/en\/politica-de-privacidade\/","og_site_name":"Pluscargo","article_publisher":"https:\/\/www.facebook.com\/pluscargobrasil\/","article_modified_time":"2022-11-03T14:10:21+00:00","twitter_card":"summary_large_image","twitter_misc":{"Est. reading time":"8 minutes"},"schema":{"@context":"https:\/\/schema.org","@graph":[{"@type":"WebPage","@id":"https:\/\/pluscargo.com.br\/en\/politica-de-privacidade\/","url":"https:\/\/pluscargo.com.br\/en\/politica-de-privacidade\/","name":"Privacy Term - Pluscargo","isPartOf":{"@id":"https:\/\/pluscargo.com.br\/en\/#website"},"datePublished":"2021-02-27T17:46:26+00:00","dateModified":"2022-11-03T14:10:21+00:00","inLanguage":"en-US","potentialAction":[{"@type":"ReadAction","target":[["https:\/\/pluscargo.com.br\/en\/politica-de-privacidade\/"]]}]},{"@type":"WebSite","@id":"https:\/\/pluscargo.com.br\/en\/#website","url":"https:\/\/pluscargo.com.br\/en\/","name":"Pluscargo","description":"A Pluscargo \u00e9 uma empresa do Grupo RAS, o maior ecossistema log\u00edstico da Am\u00e9rica Latina","publisher":{"@id":"https:\/\/pluscargo.com.br\/en\/#organization"},"potentialAction":[{"@type":"SearchAction","target":{"@type":"EntryPoint","urlTemplate":"https:\/\/pluscargo.com.br\/en\/?s={search_term_string}"},"query-input":{"@type":"PropertyValueSpecification","valueRequired":true,"valueName":"search_term_string"}}],"inLanguage":"en-US"},{"@type":"Organization","@id":"https:\/\/pluscargo.com.br\/en\/#organization","name":"Pluscargo Brasil","url":"https:\/\/pluscargo.com.br\/en\/","logo":{"@type":"ImageObject","inLanguage":"en-US","@id":"https:\/\/pluscargo.com.br\/en\/#\/schema\/logo\/image\/","url":"https:\/\/pluscargo.com.br\/wp-content\/uploads\/2019\/02\/Pluscargo_Logo.png","contentUrl":"https:\/\/pluscargo.com.br\/wp-content\/uploads\/2019\/02\/Pluscargo_Logo.png","width":3063,"height":518,"caption":"Pluscargo Brasil"},"image":{"@id":"https:\/\/pluscargo.com.br\/en\/#\/schema\/logo\/image\/"},"sameAs":["https:\/\/www.facebook.com\/pluscargobrasil\/","https:\/\/www.instagram.com\/pluscargo\/","https:\/\/www.linkedin.com\/company\/pluscargo-do-brasil-ltda"]}]}},"_links":{"self":[{"href":"https:\/\/pluscargo.com.br\/en\/wp-json\/wp\/v2\/pages\/3","targetHints":{"allow":["GET"]}}],"collection":[{"href":"https:\/\/pluscargo.com.br\/en\/wp-json\/wp\/v2\/pages"}],"about":[{"href":"https:\/\/pluscargo.com.br\/en\/wp-json\/wp\/v2\/types\/page"}],"author":[{"embeddable":true,"href":"https:\/\/pluscargo.com.br\/en\/wp-json\/wp\/v2\/users\/1"}],"replies":[{"embeddable":true,"href":"https:\/\/pluscargo.com.br\/en\/wp-json\/wp\/v2\/comments?post=3"}],"version-history":[{"count":1,"href":"https:\/\/pluscargo.com.br\/en\/wp-json\/wp\/v2\/pages\/3\/revisions"}],"predecessor-version":[{"id":2868,"href":"https:\/\/pluscargo.com.br\/en\/wp-json\/wp\/v2\/pages\/3\/revisions\/2868"}],"wp:attachment":[{"href":"https:\/\/pluscargo.com.br\/en\/wp-json\/wp\/v2\/media?parent=3"}],"curies":[{"name":"wp","href":"https:\/\/api.w.org\/{rel}","templated":true}]}}